{"id":229,"date":"2024-03-24T12:00:03","date_gmt":"2024-03-24T11:00:03","guid":{"rendered":"https:\/\/unstoppabl3.com\/?page_id=229"},"modified":"2024-03-24T23:28:11","modified_gmt":"2024-03-24T22:28:11","slug":"contact-2","status":"publish","type":"page","link":"https:\/\/unstoppabl3.com\/en\/contact-2\/","title":{"rendered":"Contact"},"content":{"rendered":"<div data-elementor-type=\"wp-page\" data-elementor-id=\"229\" class=\"elementor elementor-229\" data-elementor-post-type=\"page\">\n\t\t\t\t<div class=\"elementor-element elementor-element-584fb25 e-con-full e-flex e-con e-parent\" data-id=\"584fb25\" data-element_type=\"container\" data-settings=\"{&quot;background_background&quot;:&quot;classic&quot;}\">\n\t\t\t\t<div class=\"elementor-element elementor-element-c793a0e elementor-widget__width-inherit elementor-widget elementor-widget-heading\" data-id=\"c793a0e\" data-element_type=\"widget\" data-widget_type=\"heading.default\">\n\t\t\t\t<div class=\"elementor-widget-container\">\n\t\t\t<style>\/*! elementor - v3.23.0 - 05-08-2024 *\/\n.elementor-heading-title{padding:0;margin:0;line-height:1}.elementor-widget-heading .elementor-heading-title[class*=elementor-size-]>a{color:inherit;font-size:inherit;line-height:inherit}.elementor-widget-heading .elementor-heading-title.elementor-size-small{font-size:15px}.elementor-widget-heading .elementor-heading-title.elementor-size-medium{font-size:19px}.elementor-widget-heading .elementor-heading-title.elementor-size-large{font-size:29px}.elementor-widget-heading .elementor-heading-title.elementor-size-xl{font-size:39px}.elementor-widget-heading .elementor-heading-title.elementor-size-xxl{font-size:59px}<\/style><h1 class=\"elementor-heading-title elementor-size-default\">Contact<\/h1>\t\t<\/div>\n\t\t\t\t<\/div>\n\t\t\t\t<\/div>\n\t\t<div class=\"elementor-element elementor-element-c5070a2 e-flex e-con-boxed e-con e-parent\" data-id=\"c5070a2\" data-element_type=\"container\">\n\t\t\t\t\t<div class=\"e-con-inner\">\n\t\t\t\t<div class=\"elementor-element elementor-element-106b2a0 elementor-widget elementor-widget-spacer\" data-id=\"106b2a0\" data-element_type=\"widget\" data-widget_type=\"spacer.default\">\n\t\t\t\t<div class=\"elementor-widget-container\">\n\t\t\t<style>\/*! elementor - v3.23.0 - 05-08-2024 *\/\n.elementor-column .elementor-spacer-inner{height:var(--spacer-size)}.e-con{--container-widget-width:100%}.e-con-inner>.elementor-widget-spacer,.e-con>.elementor-widget-spacer{width:var(--container-widget-width,var(--spacer-size));--align-self:var(--container-widget-align-self,initial);--flex-shrink:0}.e-con-inner>.elementor-widget-spacer>.elementor-widget-container,.e-con>.elementor-widget-spacer>.elementor-widget-container{height:100%;width:100%}.e-con-inner>.elementor-widget-spacer>.elementor-widget-container>.elementor-spacer,.e-con>.elementor-widget-spacer>.elementor-widget-container>.elementor-spacer{height:100%}.e-con-inner>.elementor-widget-spacer>.elementor-widget-container>.elementor-spacer>.elementor-spacer-inner,.e-con>.elementor-widget-spacer>.elementor-widget-container>.elementor-spacer>.elementor-spacer-inner{height:var(--container-widget-height,var(--spacer-size))}.e-con-inner>.elementor-widget-spacer.elementor-widget-empty,.e-con>.elementor-widget-spacer.elementor-widget-empty{position:relative;min-height:22px;min-width:22px}.e-con-inner>.elementor-widget-spacer.elementor-widget-empty .elementor-widget-empty-icon,.e-con>.elementor-widget-spacer.elementor-widget-empty .elementor-widget-empty-icon{position:absolute;top:0;bottom:0;left:0;right:0;margin:auto;padding:0;width:22px;height:22px}<\/style>\t\t<div class=\"elementor-spacer\">\n\t\t\t<div class=\"elementor-spacer-inner\"><\/div>\n\t\t<\/div>\n\t\t\t\t<\/div>\n\t\t\t\t<\/div>\n\t\t\t\t<div class=\"elementor-element elementor-element-88d449b elementor-widget elementor-widget-heading\" data-id=\"88d449b\" data-element_type=\"widget\" data-widget_type=\"heading.default\">\n\t\t\t\t<div class=\"elementor-widget-container\">\n\t\t\t<h2 class=\"elementor-heading-title elementor-size-default\">Not sure what you need?<\/h2>\t\t<\/div>\n\t\t\t\t<\/div>\n\t\t\t\t<div class=\"elementor-element elementor-element-af34b35 elementor-widget elementor-widget-text-editor\" data-id=\"af34b35\" data-element_type=\"widget\" data-widget_type=\"text-editor.default\">\n\t\t\t\t<div class=\"elementor-widget-container\">\n\t\t\t<style>\/*! elementor - v3.23.0 - 05-08-2024 *\/\n.elementor-widget-text-editor.elementor-drop-cap-view-stacked .elementor-drop-cap{background-color:#69727d;color:#fff}.elementor-widget-text-editor.elementor-drop-cap-view-framed .elementor-drop-cap{color:#69727d;border:3px solid;background-color:transparent}.elementor-widget-text-editor:not(.elementor-drop-cap-view-default) .elementor-drop-cap{margin-top:8px}.elementor-widget-text-editor:not(.elementor-drop-cap-view-default) .elementor-drop-cap-letter{width:1em;height:1em}.elementor-widget-text-editor .elementor-drop-cap{float:left;text-align:center;line-height:1;font-size:50px}.elementor-widget-text-editor .elementor-drop-cap-letter{display:inline-block}<\/style>\t\t\t\t<p>Book your discovery call and we'll figure it out together.<\/p>\t\t\t\t\t\t<\/div>\n\t\t\t\t<\/div>\n\t\t\t\t<div class=\"elementor-element elementor-element-6dc2d88 elementor-widget elementor-widget-html\" data-id=\"6dc2d88\" data-element_type=\"widget\" data-widget_type=\"html.default\">\n\t\t\t\t<div class=\"elementor-widget-container\">\n\t\t\t<!-- Calendly inline widget begin -->\n<div class=\"calendly-inline-widget\" data-url=\"https:\/\/calendly.com\/sarawicz\/30min?primary_color=791cf8\" style=\"min-width:320px;height:700px;\"><\/div>\n<script type=\"text\/javascript\" src=\"https:\/\/assets.calendly.com\/assets\/external\/widget.js\" async><\/script>\n<!-- Calendly inline widget end -->\t\t<\/div>\n\t\t\t\t<\/div>\n\t\t\t\t\t<\/div>\n\t\t\t\t<\/div>\n\t\t\t\t<\/div>","protected":false},"excerpt":{"rendered":"<p>Contact Tu ne sais pas ce dont tu as besoin ? R\u00e9serve ton appel de d\u00e9couverte et on voit \u00e7a ensemble.<\/p>","protected":false},"author":1,"featured_media":0,"parent":0,"menu_order":0,"comment_status":"closed","ping_status":"closed","template":"","meta":{"footnotes":""},"class_list":["post-229","page","type-page","status-publish","hentry"],"yoast_head":"<!-- This site is optimized with the Yoast SEO plugin v23.2 - https:\/\/yoast.com\/wordpress\/plugins\/seo\/ -->\n<title>Contact | UNSTOPPABL3<\/title>\n<meta name=\"robots\" content=\"index, follow, max-snippet:-1, max-image-preview:large, max-video-preview:-1\" \/>\n<link rel=\"canonical\" href=\"https:\/\/unstoppabl3.com\/en\/contact-2\/\" \/>\n<meta property=\"og:locale\" content=\"en_US\" \/>\n<meta property=\"og:type\" content=\"article\" \/>\n<meta property=\"og:title\" content=\"Contact | UNSTOPPABL3\" \/>\n<meta property=\"og:description\" content=\"Contact Tu ne sais pas ce dont tu as besoin ? R\u00e9serve ton appel de d\u00e9couverte et on voit \u00e7a ensemble.\" \/>\n<meta property=\"og:url\" content=\"https:\/\/unstoppabl3.com\/en\/contact-2\/\" \/>\n<meta property=\"og:site_name\" content=\"UNSTOPPABL3\" \/>\n<meta property=\"article:modified_time\" content=\"2024-03-24T22:28:11+00:00\" \/>\n<meta name=\"twitter:card\" content=\"summary_large_image\" \/>\n<meta name=\"twitter:label1\" content=\"Est. reading time\" \/>\n\t<meta name=\"twitter:data1\" content=\"1 minute\" \/>\n<script type=\"application\/ld+json\" class=\"yoast-schema-graph\">{\"@context\":\"https:\/\/schema.org\",\"@graph\":[{\"@type\":\"WebPage\",\"@id\":\"https:\/\/unstoppabl3.com\/contact-2\/\",\"url\":\"https:\/\/unstoppabl3.com\/contact-2\/\",\"name\":\"Contact | UNSTOPPABL3\",\"isPartOf\":{\"@id\":\"https:\/\/unstoppabl3.com\/#website\"},\"datePublished\":\"2024-03-24T11:00:03+00:00\",\"dateModified\":\"2024-03-24T22:28:11+00:00\",\"breadcrumb\":{\"@id\":\"https:\/\/unstoppabl3.com\/contact-2\/#breadcrumb\"},\"inLanguage\":\"en-US\",\"potentialAction\":[{\"@type\":\"ReadAction\",\"target\":[\"https:\/\/unstoppabl3.com\/contact-2\/\"]}]},{\"@type\":\"BreadcrumbList\",\"@id\":\"https:\/\/unstoppabl3.com\/contact-2\/#breadcrumb\",\"itemListElement\":[{\"@type\":\"ListItem\",\"position\":1,\"name\":\"Accueil\",\"item\":\"https:\/\/unstoppabl3.com\/\"},{\"@type\":\"ListItem\",\"position\":2,\"name\":\"Contact\"}]},{\"@type\":\"WebSite\",\"@id\":\"https:\/\/unstoppabl3.com\/#website\",\"url\":\"https:\/\/unstoppabl3.com\/\",\"name\":\"UNSTOPPABL3\",\"description\":\"Break The Rules\",\"publisher\":{\"@id\":\"https:\/\/unstoppabl3.com\/#organization\"},\"potentialAction\":[{\"@type\":\"SearchAction\",\"target\":{\"@type\":\"EntryPoint\",\"urlTemplate\":\"https:\/\/unstoppabl3.com\/?s={search_term_string}\"},\"query-input\":\"required name=search_term_string\"}],\"inLanguage\":\"en-US\"},{\"@type\":\"Organization\",\"@id\":\"https:\/\/unstoppabl3.com\/#organization\",\"name\":\"UNSTOPPABL3\",\"url\":\"https:\/\/unstoppabl3.com\/\",\"logo\":{\"@type\":\"ImageObject\",\"inLanguage\":\"en-US\",\"@id\":\"https:\/\/unstoppabl3.com\/#\/schema\/logo\/image\/\",\"url\":\"https:\/\/unstoppabl3.com\/wp-content\/uploads\/2024\/01\/cropped-UNSTOPPABL3-violet-.png\",\"contentUrl\":\"https:\/\/unstoppabl3.com\/wp-content\/uploads\/2024\/01\/cropped-UNSTOPPABL3-violet-.png\",\"width\":1112,\"height\":319,\"caption\":\"UNSTOPPABL3\"},\"image\":{\"@id\":\"https:\/\/unstoppabl3.com\/#\/schema\/logo\/image\/\"}}]}<\/script>\n<!-- \/ Yoast SEO plugin. -->","yoast_head_json":{"title":"Contact | UNSTOPPABL3","robots":{"index":"index","follow":"follow","max-snippet":"max-snippet:-1","max-image-preview":"max-image-preview:large","max-video-preview":"max-video-preview:-1"},"canonical":"https:\/\/unstoppabl3.com\/en\/contact-2\/","og_locale":"en_US","og_type":"article","og_title":"Contact | UNSTOPPABL3","og_description":"Contact Tu ne sais pas ce dont tu as besoin ? R\u00e9serve ton appel de d\u00e9couverte et on voit \u00e7a ensemble.","og_url":"https:\/\/unstoppabl3.com\/en\/contact-2\/","og_site_name":"UNSTOPPABL3","article_modified_time":"2024-03-24T22:28:11+00:00","twitter_card":"summary_large_image","twitter_misc":{"Est. reading time":"1 minute"},"schema":{"@context":"https:\/\/schema.org","@graph":[{"@type":"WebPage","@id":"https:\/\/unstoppabl3.com\/contact-2\/","url":"https:\/\/unstoppabl3.com\/contact-2\/","name":"Contact | UNSTOPPABL3","isPartOf":{"@id":"https:\/\/unstoppabl3.com\/#website"},"datePublished":"2024-03-24T11:00:03+00:00","dateModified":"2024-03-24T22:28:11+00:00","breadcrumb":{"@id":"https:\/\/unstoppabl3.com\/contact-2\/#breadcrumb"},"inLanguage":"en-US","potentialAction":[{"@type":"ReadAction","target":["https:\/\/unstoppabl3.com\/contact-2\/"]}]},{"@type":"BreadcrumbList","@id":"https:\/\/unstoppabl3.com\/contact-2\/#breadcrumb","itemListElement":[{"@type":"ListItem","position":1,"name":"Accueil","item":"https:\/\/unstoppabl3.com\/"},{"@type":"ListItem","position":2,"name":"Contact"}]},{"@type":"WebSite","@id":"https:\/\/unstoppabl3.com\/#website","url":"https:\/\/unstoppabl3.com\/","name":"UNSTOPPABL3","description":"Break The Rules","publisher":{"@id":"https:\/\/unstoppabl3.com\/#organization"},"potentialAction":[{"@type":"SearchAction","target":{"@type":"EntryPoint","urlTemplate":"https:\/\/unstoppabl3.com\/?s={search_term_string}"},"query-input":"required name=search_term_string"}],"inLanguage":"en-US"},{"@type":"Organization","@id":"https:\/\/unstoppabl3.com\/#organization","name":"UNSTOPPABL3","url":"https:\/\/unstoppabl3.com\/","logo":{"@type":"ImageObject","inLanguage":"en-US","@id":"https:\/\/unstoppabl3.com\/#\/schema\/logo\/image\/","url":"https:\/\/unstoppabl3.com\/wp-content\/uploads\/2024\/01\/cropped-UNSTOPPABL3-violet-.png","contentUrl":"https:\/\/unstoppabl3.com\/wp-content\/uploads\/2024\/01\/cropped-UNSTOPPABL3-violet-.png","width":1112,"height":319,"caption":"UNSTOPPABL3"},"image":{"@id":"https:\/\/unstoppabl3.com\/#\/schema\/logo\/image\/"}}]}},"_links":{"self":[{"href":"https:\/\/unstoppabl3.com\/en\/wp-json\/wp\/v2\/pages\/229","targetHints":{"allow":["GET"]}}],"collection":[{"href":"https:\/\/unstoppabl3.com\/en\/wp-json\/wp\/v2\/pages"}],"about":[{"href":"https:\/\/unstoppabl3.com\/en\/wp-json\/wp\/v2\/types\/page"}],"author":[{"embeddable":true,"href":"https:\/\/unstoppabl3.com\/en\/wp-json\/wp\/v2\/users\/1"}],"replies":[{"embeddable":true,"href":"https:\/\/unstoppabl3.com\/en\/wp-json\/wp\/v2\/comments?post=229"}],"version-history":[{"count":31,"href":"https:\/\/unstoppabl3.com\/en\/wp-json\/wp\/v2\/pages\/229\/revisions"}],"predecessor-version":[{"id":389,"href":"https:\/\/unstoppabl3.com\/en\/wp-json\/wp\/v2\/pages\/229\/revisions\/389"}],"wp:attachment":[{"href":"https:\/\/unstoppabl3.com\/en\/wp-json\/wp\/v2\/media?parent=229"}],"curies":[{"name":"wp","href":"https:\/\/api.w.org\/{rel}","templated":true}]}}