{"id":553,"date":"2024-03-25T16:10:44","date_gmt":"2024-03-25T15:10:44","guid":{"rendered":"https:\/\/unstoppabl3.com\/?page_id=553"},"modified":"2024-03-25T16:20:08","modified_gmt":"2024-03-25T15:20:08","slug":"mentions-legales","status":"publish","type":"page","link":"https:\/\/unstoppabl3.com\/en\/mentions-legales\/","title":{"rendered":"Mentions L\u00e9gales"},"content":{"rendered":"<div data-elementor-type=\"wp-page\" data-elementor-id=\"553\" class=\"elementor elementor-553\" data-elementor-post-type=\"page\">\n\t\t\t\t<div class=\"elementor-element elementor-element-be8c5a8 e-con-full e-flex e-con e-parent\" data-id=\"be8c5a8\" data-element_type=\"container\" data-settings=\"{&quot;background_background&quot;:&quot;classic&quot;}\">\n\t\t\t\t<div class=\"elementor-element elementor-element-e3714d8 elementor-widget__width-inherit elementor-widget elementor-widget-heading\" data-id=\"e3714d8\" data-element_type=\"widget\" data-widget_type=\"heading.default\">\n\t\t\t\t<div class=\"elementor-widget-container\">\n\t\t\t<style>\/*! elementor - v3.23.0 - 05-08-2024 *\/\n.elementor-heading-title{padding:0;margin:0;line-height:1}.elementor-widget-heading .elementor-heading-title[class*=elementor-size-]>a{color:inherit;font-size:inherit;line-height:inherit}.elementor-widget-heading .elementor-heading-title.elementor-size-small{font-size:15px}.elementor-widget-heading .elementor-heading-title.elementor-size-medium{font-size:19px}.elementor-widget-heading .elementor-heading-title.elementor-size-large{font-size:29px}.elementor-widget-heading .elementor-heading-title.elementor-size-xl{font-size:39px}.elementor-widget-heading .elementor-heading-title.elementor-size-xxl{font-size:59px}<\/style><h1 class=\"elementor-heading-title elementor-size-default\">Mentions L\u00e9gales<\/h1>\t\t<\/div>\n\t\t\t\t<\/div>\n\t\t\t\t<\/div>\n\t\t<div class=\"elementor-element elementor-element-0918569 e-flex e-con-boxed e-con e-parent\" data-id=\"0918569\" data-element_type=\"container\">\n\t\t\t\t\t<div class=\"e-con-inner\">\n\t\t<div class=\"elementor-element elementor-element-6e87082 e-con-full e-flex e-con e-child\" data-id=\"6e87082\" data-element_type=\"container\">\n\t\t\t\t<\/div>\n\t\t<div class=\"elementor-element elementor-element-11901ae e-con-full e-flex e-con e-child\" data-id=\"11901ae\" data-element_type=\"container\">\n\t\t\t\t<div class=\"elementor-element elementor-element-bc1b481 elementor-widget elementor-widget-heading\" data-id=\"bc1b481\" data-element_type=\"widget\" data-widget_type=\"heading.default\">\n\t\t\t\t<div class=\"elementor-widget-container\">\n\t\t\t<h2 class=\"elementor-heading-title elementor-size-default\">Mentions l\u00e9gales<\/h2>\t\t<\/div>\n\t\t\t\t<\/div>\n\t\t\t\t<div class=\"elementor-element elementor-element-7038b81 elementor-widget elementor-widget-text-editor\" data-id=\"7038b81\" data-element_type=\"widget\" data-widget_type=\"text-editor.default\">\n\t\t\t\t<div class=\"elementor-widget-container\">\n\t\t\t<style>\/*! elementor - v3.23.0 - 05-08-2024 *\/\n.elementor-widget-text-editor.elementor-drop-cap-view-stacked .elementor-drop-cap{background-color:#69727d;color:#fff}.elementor-widget-text-editor.elementor-drop-cap-view-framed .elementor-drop-cap{color:#69727d;border:3px solid;background-color:transparent}.elementor-widget-text-editor:not(.elementor-drop-cap-view-default) .elementor-drop-cap{margin-top:8px}.elementor-widget-text-editor:not(.elementor-drop-cap-view-default) .elementor-drop-cap-letter{width:1em;height:1em}.elementor-widget-text-editor .elementor-drop-cap{float:left;text-align:center;line-height:1;font-size:50px}.elementor-widget-text-editor .elementor-drop-cap-letter{display:inline-block}<\/style>\t\t\t\t<p>Mentions l\u00e9gales du site www.unstoppabl3.com<\/p><p><br><\/p>\n<p><\/p>\n<p><b>1. \u00c9diteur du Site :<\/b><\/p>\n<p>Nom de l&rsquo;entreprise : DigitalizUX&nbsp;&nbsp;<\/p>\n<p>Forme juridique : SAS&nbsp;<\/p>\n<p>Adresse du si\u00e8ge social : 1 rue de Stockholm, 75008 Paris&nbsp;&nbsp;<\/p>\n<p><span style=\"color: var( --e-global-color-text ); font-family: var( --e-global-typography-text-font-family ), Sans-serif; font-weight: var( --e-global-typography-text-font-weight ); text-align: var(--text-align);\">Adresse e-mail : sarawicz@unstoppabl3.com&nbsp;&nbsp;<\/span><\/p>\n<p>Num\u00e9ro d\u2019inscription au registre du commerce et des soci\u00e9t\u00e9s (RCS) : Paris B 893 859 330<\/p>\n<p>Num\u00e9ro de TVA intracommunautaire : FR04893859330<\/p>\n<p>Directeur de la publication : Sarah Jurgielewicz<\/p><p><br><\/p>\n<p><\/p>\n<p><b>2. H\u00e9bergeur :<\/b><\/p>\n<p>Nom de l&rsquo;h\u00e9bergeur : OVH&nbsp;<\/p>\n<p>Adresse de l&rsquo;h\u00e9bergeur : 2, rue Kellermann, 59100 Roubaix<\/p><p><br><\/p>\n<p><\/p>\n<p><b>3. Propri\u00e9t\u00e9 intellectuelle :<\/b><\/p>\n<p>Le contenu de ce site, incluant, de mani\u00e8re non exhaustive, les graphismes, images, textes, vid\u00e9os, animations, sons, logos, gifs et ic\u00f4nes ainsi que leur mise en forme sont la propri\u00e9t\u00e9 exclusive de la soci\u00e9t\u00e9 \u00e0 l&rsquo;exception des marques, logos ou contenus appartenant \u00e0 d&rsquo;autres soci\u00e9t\u00e9s partenaires ou auteurs. Toute reproduction, distribution, modification, adaptation, retransmission ou publication, m\u00eame partielle, de ces diff\u00e9rents \u00e9l\u00e9ments est strictement interdite sans l&rsquo;accord expr\u00e8s par \u00e9crit de DigitalizUX. Cette repr\u00e9sentation ou reproduction, par quelque proc\u00e9d\u00e9 que ce soit, constitue une contrefa\u00e7on sanctionn\u00e9e par les articles L.3335-2 et suivants du Code de la propri\u00e9t\u00e9 intellectuelle.<\/p><p><br><\/p>\n<p><b>4. Conditions g\u00e9n\u00e9rales d\u2019utilisation du site et des services propos\u00e9s :<\/b><\/p>\n<p>L\u2019utilisation du site www.unstoppabl3.com&nbsp;implique l\u2019acceptation pleine et enti\u00e8re des conditions g\u00e9n\u00e9rales d\u2019utilisation d\u00e9crites ci-apr\u00e8s. Ces conditions d\u2019utilisation sont susceptibles d\u2019\u00eatre modifi\u00e9es ou compl\u00e9t\u00e9es \u00e0 tout moment, les utilisateurs du site www.unstoppabl3.com&nbsp;sont donc invit\u00e9s \u00e0 les consulter de mani\u00e8re r\u00e9guli\u00e8re.<\/p><p><br><\/p>\n<p><b>5. Limitations de responsabilit\u00e9 :<\/b><\/p>\n<p><span style=\"color: var( --e-global-color-text ); font-family: var( --e-global-typography-text-font-family ), Sans-serif; font-weight: var( --e-global-typography-text-font-weight ); text-align: var(--text-align);\">DigitalizUX<\/span>&nbsp;ne pourra \u00eatre tenue responsable des dommages directs et indirects caus\u00e9s au mat\u00e9riel de l&rsquo;utilisateur, lors de l&rsquo;acc\u00e8s au site www.unstoppabl3.com, et r\u00e9sultant soit de l&rsquo;utilisation d&rsquo;un mat\u00e9riel ne r\u00e9pondant pas aux sp\u00e9cifications indiqu\u00e9es, soit de l&rsquo;apparition d&rsquo;un bug ou d&rsquo;une incompatibilit\u00e9.<\/p>\n<p><span style=\"color: var( --e-global-color-text ); font-family: var( --e-global-typography-text-font-family ), Sans-serif; font-weight: var( --e-global-typography-text-font-weight ); text-align: var(--text-align);\">DigitalizUX<\/span>&nbsp;ne pourra \u00e9galement \u00eatre tenue responsable des dommages indirects (tels que par exemple une perte de march\u00e9 ou perte d&rsquo;une chance) cons\u00e9cutifs \u00e0 l\u2019utilisation du site www.unstoppabl3.com.<\/p><p><br><\/p>\n<p><b>6. Gestion des donn\u00e9es personnelles :<\/b><\/p>\n<p>Conform\u00e9ment aux dispositions de la loi 78-17 du 6 janvier 1978 modifi\u00e9e, relative \u00e0 l&rsquo;informatique, aux fichiers et aux libert\u00e9s, tout utilisateur dispose d&rsquo;un droit d&rsquo;acc\u00e8s, de rectification et d&rsquo;opposition aux donn\u00e9es personnelles le concernant, en effectuant sa demande \u00e9crite et sign\u00e9e, accompagn\u00e9e d&rsquo;une copie du titre d&rsquo;identit\u00e9 avec signature du titulaire de la pi\u00e8ce, en pr\u00e9cisant l&rsquo;adresse \u00e0 laquelle la r\u00e9ponse doit \u00eatre envoy\u00e9e.<\/p><p><br><\/p>\n<p><b>7. Liens hypertextes et cookies :<\/b><\/p>\n<p>Le site www.unstoppabl3.com contient un certain nombre de liens hypertextes vers d\u2019autres sites, mis en place avec l\u2019autorisation de DigitalizUX. Cependant, DigitalizUX&nbsp;n\u2019a pas la possibilit\u00e9 de v\u00e9rifier le contenu des sites ainsi visit\u00e9s, et n\u2019assumera en cons\u00e9quence aucune responsabilit\u00e9 de ce fait.<\/p>\n<p>La navigation sur le site www.unstoppabl3.com&nbsp;est susceptible de provoquer l\u2019installation de cookie(s) sur l\u2019ordinateur de l\u2019utilisateur. Un cookie est un fichier de petite taille, qui ne permet pas l\u2019identification de l&rsquo;utilisateur, mais qui enregistre des informations relatives \u00e0 la navigation d&rsquo;un ordinateur sur un site. Les donn\u00e9es ainsi obtenues visent \u00e0 faciliter la navigation ult\u00e9rieure sur le site, et ont \u00e9galement vocation \u00e0 permettre diverses mesures de fr\u00e9quentation. Le refus d&rsquo;installation d&rsquo;un cookie peut entra\u00eener l&rsquo;impossibilit\u00e9 d&rsquo;acc\u00e9der \u00e0 certains services. L&rsquo;utilisateur peut toutefois configurer son ordinateur pour refuser l&rsquo;installation des cookies.<\/p><p><br><\/p>\n<p><b>8. Droit applicable et attribution de juridiction :<\/b><\/p>\n<p>Tout litige en relation avec l\u2019utilisation du site www.unstoppabl3.com&nbsp;est soumis au droit fran\u00e7ais. Il est fait attribution exclusive de juridiction aux tribunaux comp\u00e9tents de Paris.<\/p><p><br><\/p>\n<p><b>9. Principales lois concern\u00e9es :<\/b><\/p>\n<p>&#8211; Loi n\u00b0 78-17 du 6 janvier 1978, notamment modifi\u00e9e par la loi n\u00b0 2018-493 du 20 juin 2018 relative \u00e0 l&rsquo;informatique, aux fichiers et aux libert\u00e9s.<\/p>\n<p>&#8211; Loi n\u00b0 2004-575 du 21 juin 2004 pour la confiance dans l&rsquo;\u00e9conomie num\u00e9rique.<\/p><p><br><\/p>\n<p><b>10. Lexique :<\/b><\/p>\n<p>&#8211; Utilisateur : Internaute se connectant, utilisant le site susnomm\u00e9.<\/p>\n<p>&#8211; Informations personnelles : \u00ab les informations qui permettent, sous quelque forme que ce soit, directement ou non, l&rsquo;identification des personnes physiques auxquelles elles s&rsquo;appliquent \u00bb (Article 4 de la loi n\u00b0 78-17 du 6 janvier 1978).<\/p>\t\t\t\t\t\t<\/div>\n\t\t\t\t<\/div>\n\t\t\t\t<\/div>\n\t\t<div class=\"elementor-element elementor-element-0a57c8e e-con-full e-flex e-con e-child\" data-id=\"0a57c8e\" data-element_type=\"container\">\n\t\t\t\t<\/div>\n\t\t\t\t\t<\/div>\n\t\t\t\t<\/div>\n\t\t\t\t<\/div>","protected":false},"excerpt":{"rendered":"<p>Mentions L\u00e9gales Mentions l\u00e9gales Mentions l\u00e9gales du site www.unstoppabl3.com 1. \u00c9diteur du Site : Nom de l&rsquo;entreprise : DigitalizUX&nbsp;&nbsp; Forme juridique : SAS&nbsp; Adresse du si\u00e8ge social : 1 rue de Stockholm, 75008 Paris&nbsp;&nbsp; Adresse e-mail : sarawicz@unstoppabl3.com&nbsp;&nbsp; Num\u00e9ro d\u2019inscription au registre du commerce et des soci\u00e9t\u00e9s (RCS) : Paris B 893 859 330 Num\u00e9ro [&hellip;]<\/p>","protected":false},"author":1,"featured_media":0,"parent":0,"menu_order":0,"comment_status":"closed","ping_status":"closed","template":"","meta":{"footnotes":""},"class_list":["post-553","page","type-page","status-publish","hentry"],"yoast_head":"<!-- This site is optimized with the Yoast SEO plugin v23.2 - https:\/\/yoast.com\/wordpress\/plugins\/seo\/ -->\n<title>Mentions L\u00e9gales | UNSTOPPABL3<\/title>\n<meta name=\"robots\" content=\"index, follow, max-snippet:-1, max-image-preview:large, max-video-preview:-1\" \/>\n<link rel=\"canonical\" href=\"https:\/\/unstoppabl3.com\/en\/mentions-legales\/\" \/>\n<meta property=\"og:locale\" content=\"en_US\" \/>\n<meta property=\"og:type\" content=\"article\" \/>\n<meta property=\"og:title\" content=\"Mentions L\u00e9gales | UNSTOPPABL3\" \/>\n<meta property=\"og:description\" content=\"Mentions L\u00e9gales Mentions l\u00e9gales Mentions l\u00e9gales du site www.unstoppabl3.com 1. \u00c9diteur du Site : Nom de l&rsquo;entreprise : DigitalizUX&nbsp;&nbsp; Forme juridique : SAS&nbsp; Adresse du si\u00e8ge social : 1 rue de Stockholm, 75008 Paris&nbsp;&nbsp; Adresse e-mail : sarawicz@unstoppabl3.com&nbsp;&nbsp; Num\u00e9ro d\u2019inscription au registre du commerce et des soci\u00e9t\u00e9s (RCS) : Paris B 893 859 330 Num\u00e9ro [&hellip;]\" \/>\n<meta property=\"og:url\" content=\"https:\/\/unstoppabl3.com\/en\/mentions-legales\/\" \/>\n<meta property=\"og:site_name\" content=\"UNSTOPPABL3\" \/>\n<meta property=\"article:modified_time\" content=\"2024-03-25T15:20:08+00:00\" \/>\n<meta name=\"twitter:card\" content=\"summary_large_image\" \/>\n<meta name=\"twitter:label1\" content=\"Est. reading time\" \/>\n\t<meta name=\"twitter:data1\" content=\"4 minutes\" \/>\n<script type=\"application\/ld+json\" class=\"yoast-schema-graph\">{\"@context\":\"https:\/\/schema.org\",\"@graph\":[{\"@type\":\"WebPage\",\"@id\":\"https:\/\/unstoppabl3.com\/mentions-legales\/\",\"url\":\"https:\/\/unstoppabl3.com\/mentions-legales\/\",\"name\":\"Mentions L\u00e9gales | UNSTOPPABL3\",\"isPartOf\":{\"@id\":\"https:\/\/unstoppabl3.com\/#website\"},\"datePublished\":\"2024-03-25T15:10:44+00:00\",\"dateModified\":\"2024-03-25T15:20:08+00:00\",\"breadcrumb\":{\"@id\":\"https:\/\/unstoppabl3.com\/mentions-legales\/#breadcrumb\"},\"inLanguage\":\"en-US\",\"potentialAction\":[{\"@type\":\"ReadAction\",\"target\":[\"https:\/\/unstoppabl3.com\/mentions-legales\/\"]}]},{\"@type\":\"BreadcrumbList\",\"@id\":\"https:\/\/unstoppabl3.com\/mentions-legales\/#breadcrumb\",\"itemListElement\":[{\"@type\":\"ListItem\",\"position\":1,\"name\":\"Accueil\",\"item\":\"https:\/\/unstoppabl3.com\/\"},{\"@type\":\"ListItem\",\"position\":2,\"name\":\"Mentions L\u00e9gales\"}]},{\"@type\":\"WebSite\",\"@id\":\"https:\/\/unstoppabl3.com\/#website\",\"url\":\"https:\/\/unstoppabl3.com\/\",\"name\":\"UNSTOPPABL3\",\"description\":\"Break The Rules\",\"publisher\":{\"@id\":\"https:\/\/unstoppabl3.com\/#organization\"},\"potentialAction\":[{\"@type\":\"SearchAction\",\"target\":{\"@type\":\"EntryPoint\",\"urlTemplate\":\"https:\/\/unstoppabl3.com\/?s={search_term_string}\"},\"query-input\":\"required name=search_term_string\"}],\"inLanguage\":\"en-US\"},{\"@type\":\"Organization\",\"@id\":\"https:\/\/unstoppabl3.com\/#organization\",\"name\":\"UNSTOPPABL3\",\"url\":\"https:\/\/unstoppabl3.com\/\",\"logo\":{\"@type\":\"ImageObject\",\"inLanguage\":\"en-US\",\"@id\":\"https:\/\/unstoppabl3.com\/#\/schema\/logo\/image\/\",\"url\":\"https:\/\/unstoppabl3.com\/wp-content\/uploads\/2024\/01\/cropped-UNSTOPPABL3-violet-.png\",\"contentUrl\":\"https:\/\/unstoppabl3.com\/wp-content\/uploads\/2024\/01\/cropped-UNSTOPPABL3-violet-.png\",\"width\":1112,\"height\":319,\"caption\":\"UNSTOPPABL3\"},\"image\":{\"@id\":\"https:\/\/unstoppabl3.com\/#\/schema\/logo\/image\/\"}}]}<\/script>\n<!-- \/ Yoast SEO plugin. -->","yoast_head_json":{"title":"Mentions L\u00e9gales | UNSTOPPABL3","robots":{"index":"index","follow":"follow","max-snippet":"max-snippet:-1","max-image-preview":"max-image-preview:large","max-video-preview":"max-video-preview:-1"},"canonical":"https:\/\/unstoppabl3.com\/en\/mentions-legales\/","og_locale":"en_US","og_type":"article","og_title":"Mentions L\u00e9gales | UNSTOPPABL3","og_description":"Mentions L\u00e9gales Mentions l\u00e9gales Mentions l\u00e9gales du site www.unstoppabl3.com 1. \u00c9diteur du Site : Nom de l&rsquo;entreprise : DigitalizUX&nbsp;&nbsp; Forme juridique : SAS&nbsp; Adresse du si\u00e8ge social : 1 rue de Stockholm, 75008 Paris&nbsp;&nbsp; Adresse e-mail : sarawicz@unstoppabl3.com&nbsp;&nbsp; Num\u00e9ro d\u2019inscription au registre du commerce et des soci\u00e9t\u00e9s (RCS) : Paris B 893 859 330 Num\u00e9ro [&hellip;]","og_url":"https:\/\/unstoppabl3.com\/en\/mentions-legales\/","og_site_name":"UNSTOPPABL3","article_modified_time":"2024-03-25T15:20:08+00:00","twitter_card":"summary_large_image","twitter_misc":{"Est. reading time":"4 minutes"},"schema":{"@context":"https:\/\/schema.org","@graph":[{"@type":"WebPage","@id":"https:\/\/unstoppabl3.com\/mentions-legales\/","url":"https:\/\/unstoppabl3.com\/mentions-legales\/","name":"Mentions L\u00e9gales | UNSTOPPABL3","isPartOf":{"@id":"https:\/\/unstoppabl3.com\/#website"},"datePublished":"2024-03-25T15:10:44+00:00","dateModified":"2024-03-25T15:20:08+00:00","breadcrumb":{"@id":"https:\/\/unstoppabl3.com\/mentions-legales\/#breadcrumb"},"inLanguage":"en-US","potentialAction":[{"@type":"ReadAction","target":["https:\/\/unstoppabl3.com\/mentions-legales\/"]}]},{"@type":"BreadcrumbList","@id":"https:\/\/unstoppabl3.com\/mentions-legales\/#breadcrumb","itemListElement":[{"@type":"ListItem","position":1,"name":"Accueil","item":"https:\/\/unstoppabl3.com\/"},{"@type":"ListItem","position":2,"name":"Mentions L\u00e9gales"}]},{"@type":"WebSite","@id":"https:\/\/unstoppabl3.com\/#website","url":"https:\/\/unstoppabl3.com\/","name":"UNSTOPPABL3","description":"Break The Rules","publisher":{"@id":"https:\/\/unstoppabl3.com\/#organization"},"potentialAction":[{"@type":"SearchAction","target":{"@type":"EntryPoint","urlTemplate":"https:\/\/unstoppabl3.com\/?s={search_term_string}"},"query-input":"required name=search_term_string"}],"inLanguage":"en-US"},{"@type":"Organization","@id":"https:\/\/unstoppabl3.com\/#organization","name":"UNSTOPPABL3","url":"https:\/\/unstoppabl3.com\/","logo":{"@type":"ImageObject","inLanguage":"en-US","@id":"https:\/\/unstoppabl3.com\/#\/schema\/logo\/image\/","url":"https:\/\/unstoppabl3.com\/wp-content\/uploads\/2024\/01\/cropped-UNSTOPPABL3-violet-.png","contentUrl":"https:\/\/unstoppabl3.com\/wp-content\/uploads\/2024\/01\/cropped-UNSTOPPABL3-violet-.png","width":1112,"height":319,"caption":"UNSTOPPABL3"},"image":{"@id":"https:\/\/unstoppabl3.com\/#\/schema\/logo\/image\/"}}]}},"_links":{"self":[{"href":"https:\/\/unstoppabl3.com\/en\/wp-json\/wp\/v2\/pages\/553","targetHints":{"allow":["GET"]}}],"collection":[{"href":"https:\/\/unstoppabl3.com\/en\/wp-json\/wp\/v2\/pages"}],"about":[{"href":"https:\/\/unstoppabl3.com\/en\/wp-json\/wp\/v2\/types\/page"}],"author":[{"embeddable":true,"href":"https:\/\/unstoppabl3.com\/en\/wp-json\/wp\/v2\/users\/1"}],"replies":[{"embeddable":true,"href":"https:\/\/unstoppabl3.com\/en\/wp-json\/wp\/v2\/comments?post=553"}],"version-history":[{"count":4,"href":"https:\/\/unstoppabl3.com\/en\/wp-json\/wp\/v2\/pages\/553\/revisions"}],"predecessor-version":[{"id":557,"href":"https:\/\/unstoppabl3.com\/en\/wp-json\/wp\/v2\/pages\/553\/revisions\/557"}],"wp:attachment":[{"href":"https:\/\/unstoppabl3.com\/en\/wp-json\/wp\/v2\/media?parent=553"}],"curies":[{"name":"wp","href":"https:\/\/api.w.org\/{rel}","templated":true}]}}